{"id":194,"date":"2023-07-14T22:40:24","date_gmt":"2023-07-14T20:40:24","guid":{"rendered":"https:\/\/astra.nfhotel.usermd.net\/?page_id=194"},"modified":"2024-01-12T13:12:48","modified_gmt":"2024-01-12T12:12:48","slug":"regulamin","status":"publish","type":"page","link":"https:\/\/siedliskokoscielisko.nfhotel.usermd.net\/en\/regulamin\/","title":{"rendered":"Regulamin"},"content":{"rendered":"","protected":false},"excerpt":{"rendered":"","protected":false},"author":3,"featured_media":0,"parent":0,"menu_order":0,"comment_status":"closed","ping_status":"closed","template":"","meta":{"inline_featured_image":false,"footnotes":""},"acf":[],"yoast_head":"<!-- This site is optimized with the Yoast SEO plugin v21.8 - https:\/\/yoast.com\/wordpress\/plugins\/seo\/ -->\n<title>Regulamin - Siedlisko Ko\u015bcielisko<\/title>\n<meta name=\"description\" content=\"Siedlisko Ko\u015bcielisko - regulamin pobytu w naszych apartamentach i igloo, w Ko\u015bcielisku ko\u0142o Zakopanego.\" \/>\n<meta name=\"robots\" content=\"noindex, follow, max-snippet:-1, max-image-preview:large, max-video-preview:-1\" \/>\n<meta property=\"og:locale\" content=\"en_GB\" \/>\n<meta property=\"og:type\" content=\"article\" \/>\n<meta property=\"og:title\" content=\"Regulamin - Siedlisko Ko\u015bcielisko\" \/>\n<meta property=\"og:description\" content=\"Siedlisko Ko\u015bcielisko - regulamin pobytu w naszych apartamentach i igloo, w Ko\u015bcielisku ko\u0142o Zakopanego.\" \/>\n<meta property=\"og:url\" content=\"https:\/\/siedliskokoscielisko.nfhotel.usermd.net\/en\/regulamin\/\" \/>\n<meta property=\"og:site_name\" content=\"Siedlisko Ko\u015bcielisko\" \/>\n<meta property=\"article:modified_time\" content=\"2024-01-12T12:12:48+00:00\" \/>\n<meta name=\"twitter:card\" content=\"summary_large_image\" \/>\n<meta name=\"twitter:label1\" content=\"Estimated reading time\" \/>\n\t<meta name=\"twitter:data1\" content=\"2 minutes\" \/>\n<script type=\"application\/ld+json\" class=\"yoast-schema-graph\">{\"@context\":\"https:\/\/schema.org\",\"@graph\":[{\"@type\":\"WebPage\",\"@id\":\"https:\/\/siedliskokoscielisko.nfhotel.usermd.net\/regulamin\/\",\"url\":\"https:\/\/siedliskokoscielisko.nfhotel.usermd.net\/regulamin\/\",\"name\":\"Regulamin - Siedlisko Ko\u015bcielisko\",\"isPartOf\":{\"@id\":\"https:\/\/siedliskokoscielisko.nfhotel.usermd.net\/#website\"},\"datePublished\":\"2023-07-14T20:40:24+00:00\",\"dateModified\":\"2024-01-12T12:12:48+00:00\",\"description\":\"Siedlisko Ko\u015bcielisko - regulamin pobytu w naszych apartamentach i igloo, w Ko\u015bcielisku ko\u0142o Zakopanego.\",\"breadcrumb\":{\"@id\":\"https:\/\/siedliskokoscielisko.nfhotel.usermd.net\/regulamin\/#breadcrumb\"},\"inLanguage\":\"en-GB\",\"potentialAction\":[{\"@type\":\"ReadAction\",\"target\":[\"https:\/\/siedliskokoscielisko.nfhotel.usermd.net\/regulamin\/\"]}]},{\"@type\":\"BreadcrumbList\",\"@id\":\"https:\/\/siedliskokoscielisko.nfhotel.usermd.net\/regulamin\/#breadcrumb\",\"itemListElement\":[{\"@type\":\"ListItem\",\"position\":1,\"name\":\"Strona g\u0142\u00f3wna\",\"item\":\"https:\/\/siedliskokoscielisko.nfhotel.usermd.net\/\"},{\"@type\":\"ListItem\",\"position\":2,\"name\":\"Regulamin\"}]},{\"@type\":\"WebSite\",\"@id\":\"https:\/\/siedliskokoscielisko.nfhotel.usermd.net\/#website\",\"url\":\"https:\/\/siedliskokoscielisko.nfhotel.usermd.net\/\",\"name\":\"Siedlisko Ko\u015bcielisko\",\"description\":\"Siedlisko ko\u015bcielisko\",\"potentialAction\":[{\"@type\":\"SearchAction\",\"target\":{\"@type\":\"EntryPoint\",\"urlTemplate\":\"https:\/\/siedliskokoscielisko.nfhotel.usermd.net\/?s={search_term_string}\"},\"query-input\":\"required name=search_term_string\"}],\"inLanguage\":\"en-GB\"}]}<\/script>\n<!-- \/ Yoast SEO plugin. -->","yoast_head_json":{"title":"Regulamin - Siedlisko Ko\u015bcielisko","description":"Siedlisko Ko\u015bcielisko - regulamin pobytu w naszych apartamentach i igloo, w Ko\u015bcielisku ko\u0142o Zakopanego.","robots":{"index":"noindex","follow":"follow","max-snippet":"max-snippet:-1","max-image-preview":"max-image-preview:large","max-video-preview":"max-video-preview:-1"},"og_locale":"en_GB","og_type":"article","og_title":"Regulamin - Siedlisko Ko\u015bcielisko","og_description":"Siedlisko Ko\u015bcielisko - regulamin pobytu w naszych apartamentach i igloo, w Ko\u015bcielisku ko\u0142o Zakopanego.","og_url":"https:\/\/siedliskokoscielisko.nfhotel.usermd.net\/en\/regulamin\/","og_site_name":"Siedlisko Ko\u015bcielisko","article_modified_time":"2024-01-12T12:12:48+00:00","twitter_card":"summary_large_image","twitter_misc":{"Estimated reading time":"2 minutes"},"schema":{"@context":"https:\/\/schema.org","@graph":[{"@type":"WebPage","@id":"https:\/\/siedliskokoscielisko.nfhotel.usermd.net\/regulamin\/","url":"https:\/\/siedliskokoscielisko.nfhotel.usermd.net\/regulamin\/","name":"Regulamin - Siedlisko Ko\u015bcielisko","isPartOf":{"@id":"https:\/\/siedliskokoscielisko.nfhotel.usermd.net\/#website"},"datePublished":"2023-07-14T20:40:24+00:00","dateModified":"2024-01-12T12:12:48+00:00","description":"Siedlisko Ko\u015bcielisko - regulamin pobytu w naszych apartamentach i igloo, w Ko\u015bcielisku ko\u0142o Zakopanego.","breadcrumb":{"@id":"https:\/\/siedliskokoscielisko.nfhotel.usermd.net\/regulamin\/#breadcrumb"},"inLanguage":"en-GB","potentialAction":[{"@type":"ReadAction","target":["https:\/\/siedliskokoscielisko.nfhotel.usermd.net\/regulamin\/"]}]},{"@type":"BreadcrumbList","@id":"https:\/\/siedliskokoscielisko.nfhotel.usermd.net\/regulamin\/#breadcrumb","itemListElement":[{"@type":"ListItem","position":1,"name":"Strona g\u0142\u00f3wna","item":"https:\/\/siedliskokoscielisko.nfhotel.usermd.net\/"},{"@type":"ListItem","position":2,"name":"Regulamin"}]},{"@type":"WebSite","@id":"https:\/\/siedliskokoscielisko.nfhotel.usermd.net\/#website","url":"https:\/\/siedliskokoscielisko.nfhotel.usermd.net\/","name":"Siedlisko Ko\u015bcielisko","description":"Siedlisko ko\u015bcielisko","potentialAction":[{"@type":"SearchAction","target":{"@type":"EntryPoint","urlTemplate":"https:\/\/siedliskokoscielisko.nfhotel.usermd.net\/?s={search_term_string}"},"query-input":"required name=search_term_string"}],"inLanguage":"en-GB"}]}},"_links":{"self":[{"href":"https:\/\/siedliskokoscielisko.nfhotel.usermd.net\/en\/wp-json\/wp\/v2\/pages\/194"}],"collection":[{"href":"https:\/\/siedliskokoscielisko.nfhotel.usermd.net\/en\/wp-json\/wp\/v2\/pages"}],"about":[{"href":"https:\/\/siedliskokoscielisko.nfhotel.usermd.net\/en\/wp-json\/wp\/v2\/types\/page"}],"author":[{"embeddable":true,"href":"https:\/\/siedliskokoscielisko.nfhotel.usermd.net\/en\/wp-json\/wp\/v2\/users\/3"}],"replies":[{"embeddable":true,"href":"https:\/\/siedliskokoscielisko.nfhotel.usermd.net\/en\/wp-json\/wp\/v2\/comments?post=194"}],"version-history":[{"count":1,"href":"https:\/\/siedliskokoscielisko.nfhotel.usermd.net\/en\/wp-json\/wp\/v2\/pages\/194\/revisions"}],"predecessor-version":[{"id":195,"href":"https:\/\/siedliskokoscielisko.nfhotel.usermd.net\/en\/wp-json\/wp\/v2\/pages\/194\/revisions\/195"}],"wp:attachment":[{"href":"https:\/\/siedliskokoscielisko.nfhotel.usermd.net\/en\/wp-json\/wp\/v2\/media?parent=194"}],"curies":[{"name":"wp","href":"https:\/\/api.w.org\/{rel}","templated":true}]}}