{"id":316,"date":"2023-09-13T13:18:54","date_gmt":"2023-09-13T11:18:54","guid":{"rendered":"https:\/\/astra.nfhotel.usermd.net\/?page_id=316"},"modified":"2024-01-11T16:26:52","modified_gmt":"2024-01-11T15:26:52","slug":"okolica","status":"publish","type":"page","link":"https:\/\/siedliskokoscielisko.nfhotel.usermd.net\/en\/okolica\/","title":{"rendered":"Okolica"},"content":{"rendered":"","protected":false},"excerpt":{"rendered":"","protected":false},"author":3,"featured_media":0,"parent":0,"menu_order":0,"comment_status":"closed","ping_status":"closed","template":"","meta":{"inline_featured_image":false,"footnotes":""},"acf":[],"yoast_head":"<!-- This site is optimized with the Yoast SEO plugin v21.8 - https:\/\/yoast.com\/wordpress\/plugins\/seo\/ -->\n<title>Okolica - Siedlisko Ko\u015bcielisko Siedlisko ko\u015bcielisko -<\/title>\n<meta name=\"description\" content=\"Zaplanuj swoj\u0105 wizyt\u0119 w Siedlisko Ko\u015bcielisko i odkryj atrakcje okolicy. W bezpo\u015brednim s\u0105siedztwie Tatrza\u0144skiego Parku Narodowego, idealne miejsce dla mi\u0142o\u015bnik\u00f3w w\u0119dr\u00f3wek i pi\u0119knych krajobraz\u00f3w.\" \/>\n<meta name=\"robots\" content=\"noindex, follow, max-snippet:-1, max-image-preview:large, max-video-preview:-1\" \/>\n<meta property=\"og:locale\" content=\"en_GB\" \/>\n<meta property=\"og:type\" content=\"article\" \/>\n<meta property=\"og:title\" content=\"Okolica - Siedlisko Ko\u015bcielisko Siedlisko ko\u015bcielisko -\" \/>\n<meta property=\"og:description\" content=\"Zaplanuj swoj\u0105 wizyt\u0119 w Siedlisko Ko\u015bcielisko i odkryj atrakcje okolicy. W bezpo\u015brednim s\u0105siedztwie Tatrza\u0144skiego Parku Narodowego, idealne miejsce dla mi\u0142o\u015bnik\u00f3w w\u0119dr\u00f3wek i pi\u0119knych krajobraz\u00f3w.\" \/>\n<meta property=\"og:url\" content=\"https:\/\/siedliskokoscielisko.nfhotel.usermd.net\/en\/okolica\/\" \/>\n<meta property=\"og:site_name\" content=\"Siedlisko Ko\u015bcielisko\" \/>\n<meta property=\"article:modified_time\" content=\"2024-01-11T15:26:52+00:00\" \/>\n<meta name=\"twitter:card\" content=\"summary_large_image\" \/>\n<meta name=\"twitter:label1\" content=\"Estimated reading time\" \/>\n\t<meta name=\"twitter:data1\" content=\"7 minutes\" \/>\n<script type=\"application\/ld+json\" class=\"yoast-schema-graph\">{\"@context\":\"https:\/\/schema.org\",\"@graph\":[{\"@type\":\"WebPage\",\"@id\":\"https:\/\/siedliskokoscielisko.nfhotel.usermd.net\/okolica\/\",\"url\":\"https:\/\/siedliskokoscielisko.nfhotel.usermd.net\/okolica\/\",\"name\":\"Okolica - Siedlisko Ko\u015bcielisko Siedlisko ko\u015bcielisko -\",\"isPartOf\":{\"@id\":\"https:\/\/siedliskokoscielisko.nfhotel.usermd.net\/#website\"},\"datePublished\":\"2023-09-13T11:18:54+00:00\",\"dateModified\":\"2024-01-11T15:26:52+00:00\",\"description\":\"Zaplanuj swoj\u0105 wizyt\u0119 w Siedlisko Ko\u015bcielisko i odkryj atrakcje okolicy. W bezpo\u015brednim s\u0105siedztwie Tatrza\u0144skiego Parku Narodowego, idealne miejsce dla mi\u0142o\u015bnik\u00f3w w\u0119dr\u00f3wek i pi\u0119knych krajobraz\u00f3w.\",\"breadcrumb\":{\"@id\":\"https:\/\/siedliskokoscielisko.nfhotel.usermd.net\/okolica\/#breadcrumb\"},\"inLanguage\":\"en-GB\",\"potentialAction\":[{\"@type\":\"ReadAction\",\"target\":[\"https:\/\/siedliskokoscielisko.nfhotel.usermd.net\/okolica\/\"]}]},{\"@type\":\"BreadcrumbList\",\"@id\":\"https:\/\/siedliskokoscielisko.nfhotel.usermd.net\/okolica\/#breadcrumb\",\"itemListElement\":[{\"@type\":\"ListItem\",\"position\":1,\"name\":\"Strona g\u0142\u00f3wna\",\"item\":\"https:\/\/siedliskokoscielisko.nfhotel.usermd.net\/\"},{\"@type\":\"ListItem\",\"position\":2,\"name\":\"Okolica\"}]},{\"@type\":\"WebSite\",\"@id\":\"https:\/\/siedliskokoscielisko.nfhotel.usermd.net\/#website\",\"url\":\"https:\/\/siedliskokoscielisko.nfhotel.usermd.net\/\",\"name\":\"Siedlisko Ko\u015bcielisko\",\"description\":\"Siedlisko ko\u015bcielisko\",\"potentialAction\":[{\"@type\":\"SearchAction\",\"target\":{\"@type\":\"EntryPoint\",\"urlTemplate\":\"https:\/\/siedliskokoscielisko.nfhotel.usermd.net\/?s={search_term_string}\"},\"query-input\":\"required name=search_term_string\"}],\"inLanguage\":\"en-GB\"}]}<\/script>\n<!-- \/ Yoast SEO plugin. -->","yoast_head_json":{"title":"Okolica - Siedlisko Ko\u015bcielisko Siedlisko ko\u015bcielisko -","description":"Zaplanuj swoj\u0105 wizyt\u0119 w Siedlisko Ko\u015bcielisko i odkryj atrakcje okolicy. W bezpo\u015brednim s\u0105siedztwie Tatrza\u0144skiego Parku Narodowego, idealne miejsce dla mi\u0142o\u015bnik\u00f3w w\u0119dr\u00f3wek i pi\u0119knych krajobraz\u00f3w.","robots":{"index":"noindex","follow":"follow","max-snippet":"max-snippet:-1","max-image-preview":"max-image-preview:large","max-video-preview":"max-video-preview:-1"},"og_locale":"en_GB","og_type":"article","og_title":"Okolica - Siedlisko Ko\u015bcielisko Siedlisko ko\u015bcielisko -","og_description":"Zaplanuj swoj\u0105 wizyt\u0119 w Siedlisko Ko\u015bcielisko i odkryj atrakcje okolicy. W bezpo\u015brednim s\u0105siedztwie Tatrza\u0144skiego Parku Narodowego, idealne miejsce dla mi\u0142o\u015bnik\u00f3w w\u0119dr\u00f3wek i pi\u0119knych krajobraz\u00f3w.","og_url":"https:\/\/siedliskokoscielisko.nfhotel.usermd.net\/en\/okolica\/","og_site_name":"Siedlisko Ko\u015bcielisko","article_modified_time":"2024-01-11T15:26:52+00:00","twitter_card":"summary_large_image","twitter_misc":{"Estimated reading time":"7 minutes"},"schema":{"@context":"https:\/\/schema.org","@graph":[{"@type":"WebPage","@id":"https:\/\/siedliskokoscielisko.nfhotel.usermd.net\/okolica\/","url":"https:\/\/siedliskokoscielisko.nfhotel.usermd.net\/okolica\/","name":"Okolica - Siedlisko Ko\u015bcielisko Siedlisko ko\u015bcielisko -","isPartOf":{"@id":"https:\/\/siedliskokoscielisko.nfhotel.usermd.net\/#website"},"datePublished":"2023-09-13T11:18:54+00:00","dateModified":"2024-01-11T15:26:52+00:00","description":"Zaplanuj swoj\u0105 wizyt\u0119 w Siedlisko Ko\u015bcielisko i odkryj atrakcje okolicy. W bezpo\u015brednim s\u0105siedztwie Tatrza\u0144skiego Parku Narodowego, idealne miejsce dla mi\u0142o\u015bnik\u00f3w w\u0119dr\u00f3wek i pi\u0119knych krajobraz\u00f3w.","breadcrumb":{"@id":"https:\/\/siedliskokoscielisko.nfhotel.usermd.net\/okolica\/#breadcrumb"},"inLanguage":"en-GB","potentialAction":[{"@type":"ReadAction","target":["https:\/\/siedliskokoscielisko.nfhotel.usermd.net\/okolica\/"]}]},{"@type":"BreadcrumbList","@id":"https:\/\/siedliskokoscielisko.nfhotel.usermd.net\/okolica\/#breadcrumb","itemListElement":[{"@type":"ListItem","position":1,"name":"Strona g\u0142\u00f3wna","item":"https:\/\/siedliskokoscielisko.nfhotel.usermd.net\/"},{"@type":"ListItem","position":2,"name":"Okolica"}]},{"@type":"WebSite","@id":"https:\/\/siedliskokoscielisko.nfhotel.usermd.net\/#website","url":"https:\/\/siedliskokoscielisko.nfhotel.usermd.net\/","name":"Siedlisko Ko\u015bcielisko","description":"Siedlisko ko\u015bcielisko","potentialAction":[{"@type":"SearchAction","target":{"@type":"EntryPoint","urlTemplate":"https:\/\/siedliskokoscielisko.nfhotel.usermd.net\/?s={search_term_string}"},"query-input":"required name=search_term_string"}],"inLanguage":"en-GB"}]}},"_links":{"self":[{"href":"https:\/\/siedliskokoscielisko.nfhotel.usermd.net\/en\/wp-json\/wp\/v2\/pages\/316"}],"collection":[{"href":"https:\/\/siedliskokoscielisko.nfhotel.usermd.net\/en\/wp-json\/wp\/v2\/pages"}],"about":[{"href":"https:\/\/siedliskokoscielisko.nfhotel.usermd.net\/en\/wp-json\/wp\/v2\/types\/page"}],"author":[{"embeddable":true,"href":"https:\/\/siedliskokoscielisko.nfhotel.usermd.net\/en\/wp-json\/wp\/v2\/users\/3"}],"replies":[{"embeddable":true,"href":"https:\/\/siedliskokoscielisko.nfhotel.usermd.net\/en\/wp-json\/wp\/v2\/comments?post=316"}],"version-history":[{"count":11,"href":"https:\/\/siedliskokoscielisko.nfhotel.usermd.net\/en\/wp-json\/wp\/v2\/pages\/316\/revisions"}],"predecessor-version":[{"id":840,"href":"https:\/\/siedliskokoscielisko.nfhotel.usermd.net\/en\/wp-json\/wp\/v2\/pages\/316\/revisions\/840"}],"wp:attachment":[{"href":"https:\/\/siedliskokoscielisko.nfhotel.usermd.net\/en\/wp-json\/wp\/v2\/media?parent=316"}],"curies":[{"name":"wp","href":"https:\/\/api.w.org\/{rel}","templated":true}]}}