{"id":42,"date":"2023-06-26T12:38:54","date_gmt":"2023-06-26T10:38:54","guid":{"rendered":"https:\/\/astra.nfhotel.usermd.net\/?page_id=42"},"modified":"2024-01-08T12:38:13","modified_gmt":"2024-01-08T11:38:13","slug":"kontakt","status":"publish","type":"page","link":"https:\/\/siedliskokoscielisko.nfhotel.usermd.net\/en\/kontakt\/","title":{"rendered":"Kontakt"},"content":{"rendered":"","protected":false},"excerpt":{"rendered":"","protected":false},"author":3,"featured_media":0,"parent":0,"menu_order":0,"comment_status":"closed","ping_status":"closed","template":"","meta":{"inline_featured_image":false,"footnotes":""},"acf":[],"yoast_head":"<!-- This site is optimized with the Yoast SEO plugin v21.8 - https:\/\/yoast.com\/wordpress\/plugins\/seo\/ -->\n<title>Kontakt - Siedlisko Ko\u015bcielisko - Siedlisko ko\u015bcielisko<\/title>\n<meta name=\"description\" content=\"Zapraszamy do kontaktu z nami - Siedlisko Ko\u015bcielisko - apartamenty i glamping w g\u00f3rach niedaleko Zakopanego.\" \/>\n<meta name=\"robots\" content=\"noindex, follow, max-snippet:-1, max-image-preview:large, max-video-preview:-1\" \/>\n<meta property=\"og:locale\" content=\"en_GB\" \/>\n<meta property=\"og:type\" content=\"article\" \/>\n<meta property=\"og:title\" content=\"Kontakt - Siedlisko Ko\u015bcielisko - Siedlisko ko\u015bcielisko\" \/>\n<meta property=\"og:description\" content=\"Zapraszamy do kontaktu z nami - Siedlisko Ko\u015bcielisko - apartamenty i glamping w g\u00f3rach niedaleko Zakopanego.\" \/>\n<meta property=\"og:url\" content=\"https:\/\/siedliskokoscielisko.nfhotel.usermd.net\/en\/kontakt\/\" \/>\n<meta property=\"og:site_name\" content=\"Siedlisko Ko\u015bcielisko\" \/>\n<meta property=\"article:modified_time\" content=\"2024-01-08T11:38:13+00:00\" \/>\n<meta property=\"og:image\" content=\"https:\/\/siedliskokoscielisko.nfhotel.usermd.net\/wp-content\/uploads\/2023\/09\/MG_6894-1280x720-1.jpg\" \/>\n\t<meta property=\"og:image:width\" content=\"1280\" \/>\n\t<meta property=\"og:image:height\" content=\"720\" \/>\n\t<meta property=\"og:image:type\" content=\"image\/jpeg\" \/>\n<meta name=\"twitter:card\" content=\"summary_large_image\" \/>\n<meta name=\"twitter:label1\" content=\"Estimated reading time\" \/>\n\t<meta name=\"twitter:data1\" content=\"1 minute\" \/>\n<script type=\"application\/ld+json\" class=\"yoast-schema-graph\">{\"@context\":\"https:\/\/schema.org\",\"@graph\":[{\"@type\":\"WebPage\",\"@id\":\"https:\/\/siedliskokoscielisko.nfhotel.usermd.net\/kontakt\/\",\"url\":\"https:\/\/siedliskokoscielisko.nfhotel.usermd.net\/kontakt\/\",\"name\":\"Kontakt - Siedlisko Ko\u015bcielisko - Siedlisko ko\u015bcielisko\",\"isPartOf\":{\"@id\":\"https:\/\/siedliskokoscielisko.nfhotel.usermd.net\/#website\"},\"datePublished\":\"2023-06-26T10:38:54+00:00\",\"dateModified\":\"2024-01-08T11:38:13+00:00\",\"description\":\"Zapraszamy do kontaktu z nami - Siedlisko Ko\u015bcielisko - apartamenty i glamping w g\u00f3rach niedaleko Zakopanego.\",\"breadcrumb\":{\"@id\":\"https:\/\/siedliskokoscielisko.nfhotel.usermd.net\/kontakt\/#breadcrumb\"},\"inLanguage\":\"en-GB\",\"potentialAction\":[{\"@type\":\"ReadAction\",\"target\":[\"https:\/\/siedliskokoscielisko.nfhotel.usermd.net\/kontakt\/\"]}]},{\"@type\":\"BreadcrumbList\",\"@id\":\"https:\/\/siedliskokoscielisko.nfhotel.usermd.net\/kontakt\/#breadcrumb\",\"itemListElement\":[{\"@type\":\"ListItem\",\"position\":1,\"name\":\"Strona g\u0142\u00f3wna\",\"item\":\"https:\/\/siedliskokoscielisko.nfhotel.usermd.net\/\"},{\"@type\":\"ListItem\",\"position\":2,\"name\":\"Kontakt\"}]},{\"@type\":\"WebSite\",\"@id\":\"https:\/\/siedliskokoscielisko.nfhotel.usermd.net\/#website\",\"url\":\"https:\/\/siedliskokoscielisko.nfhotel.usermd.net\/\",\"name\":\"Siedlisko Ko\u015bcielisko\",\"description\":\"Siedlisko ko\u015bcielisko\",\"potentialAction\":[{\"@type\":\"SearchAction\",\"target\":{\"@type\":\"EntryPoint\",\"urlTemplate\":\"https:\/\/siedliskokoscielisko.nfhotel.usermd.net\/?s={search_term_string}\"},\"query-input\":\"required name=search_term_string\"}],\"inLanguage\":\"en-GB\"}]}<\/script>\n<!-- \/ Yoast SEO plugin. -->","yoast_head_json":{"title":"Kontakt - Siedlisko Ko\u015bcielisko - Siedlisko ko\u015bcielisko","description":"Zapraszamy do kontaktu z nami - Siedlisko Ko\u015bcielisko - apartamenty i glamping w g\u00f3rach niedaleko Zakopanego.","robots":{"index":"noindex","follow":"follow","max-snippet":"max-snippet:-1","max-image-preview":"max-image-preview:large","max-video-preview":"max-video-preview:-1"},"og_locale":"en_GB","og_type":"article","og_title":"Kontakt - Siedlisko Ko\u015bcielisko - Siedlisko ko\u015bcielisko","og_description":"Zapraszamy do kontaktu z nami - Siedlisko Ko\u015bcielisko - apartamenty i glamping w g\u00f3rach niedaleko Zakopanego.","og_url":"https:\/\/siedliskokoscielisko.nfhotel.usermd.net\/en\/kontakt\/","og_site_name":"Siedlisko Ko\u015bcielisko","article_modified_time":"2024-01-08T11:38:13+00:00","og_image":[{"width":1280,"height":720,"url":"https:\/\/siedliskokoscielisko.nfhotel.usermd.net\/wp-content\/uploads\/2023\/09\/MG_6894-1280x720-1.jpg","type":"image\/jpeg"}],"twitter_card":"summary_large_image","twitter_misc":{"Estimated reading time":"1 minute"},"schema":{"@context":"https:\/\/schema.org","@graph":[{"@type":"WebPage","@id":"https:\/\/siedliskokoscielisko.nfhotel.usermd.net\/kontakt\/","url":"https:\/\/siedliskokoscielisko.nfhotel.usermd.net\/kontakt\/","name":"Kontakt - Siedlisko Ko\u015bcielisko - Siedlisko ko\u015bcielisko","isPartOf":{"@id":"https:\/\/siedliskokoscielisko.nfhotel.usermd.net\/#website"},"datePublished":"2023-06-26T10:38:54+00:00","dateModified":"2024-01-08T11:38:13+00:00","description":"Zapraszamy do kontaktu z nami - Siedlisko Ko\u015bcielisko - apartamenty i glamping w g\u00f3rach niedaleko Zakopanego.","breadcrumb":{"@id":"https:\/\/siedliskokoscielisko.nfhotel.usermd.net\/kontakt\/#breadcrumb"},"inLanguage":"en-GB","potentialAction":[{"@type":"ReadAction","target":["https:\/\/siedliskokoscielisko.nfhotel.usermd.net\/kontakt\/"]}]},{"@type":"BreadcrumbList","@id":"https:\/\/siedliskokoscielisko.nfhotel.usermd.net\/kontakt\/#breadcrumb","itemListElement":[{"@type":"ListItem","position":1,"name":"Strona g\u0142\u00f3wna","item":"https:\/\/siedliskokoscielisko.nfhotel.usermd.net\/"},{"@type":"ListItem","position":2,"name":"Kontakt"}]},{"@type":"WebSite","@id":"https:\/\/siedliskokoscielisko.nfhotel.usermd.net\/#website","url":"https:\/\/siedliskokoscielisko.nfhotel.usermd.net\/","name":"Siedlisko Ko\u015bcielisko","description":"Siedlisko ko\u015bcielisko","potentialAction":[{"@type":"SearchAction","target":{"@type":"EntryPoint","urlTemplate":"https:\/\/siedliskokoscielisko.nfhotel.usermd.net\/?s={search_term_string}"},"query-input":"required name=search_term_string"}],"inLanguage":"en-GB"}]}},"_links":{"self":[{"href":"https:\/\/siedliskokoscielisko.nfhotel.usermd.net\/en\/wp-json\/wp\/v2\/pages\/42"}],"collection":[{"href":"https:\/\/siedliskokoscielisko.nfhotel.usermd.net\/en\/wp-json\/wp\/v2\/pages"}],"about":[{"href":"https:\/\/siedliskokoscielisko.nfhotel.usermd.net\/en\/wp-json\/wp\/v2\/types\/page"}],"author":[{"embeddable":true,"href":"https:\/\/siedliskokoscielisko.nfhotel.usermd.net\/en\/wp-json\/wp\/v2\/users\/3"}],"replies":[{"embeddable":true,"href":"https:\/\/siedliskokoscielisko.nfhotel.usermd.net\/en\/wp-json\/wp\/v2\/comments?post=42"}],"version-history":[{"count":10,"href":"https:\/\/siedliskokoscielisko.nfhotel.usermd.net\/en\/wp-json\/wp\/v2\/pages\/42\/revisions"}],"predecessor-version":[{"id":706,"href":"https:\/\/siedliskokoscielisko.nfhotel.usermd.net\/en\/wp-json\/wp\/v2\/pages\/42\/revisions\/706"}],"wp:attachment":[{"href":"https:\/\/siedliskokoscielisko.nfhotel.usermd.net\/en\/wp-json\/wp\/v2\/media?parent=42"}],"curies":[{"name":"wp","href":"https:\/\/api.w.org\/{rel}","templated":true}]}}