{"id":478,"date":"2023-12-05T10:11:44","date_gmt":"2023-12-05T09:11:44","guid":{"rendered":"https:\/\/rresort.nfhotel.usermd.net\/?page_id=478"},"modified":"2024-01-11T16:26:24","modified_gmt":"2024-01-11T15:26:24","slug":"apartamenty-sprzedaz","status":"publish","type":"page","link":"https:\/\/siedliskokoscielisko.nfhotel.usermd.net\/en\/apartamenty-sprzedaz\/","title":{"rendered":"Apartamenty na sprzeda\u017c"},"content":{"rendered":"","protected":false},"excerpt":{"rendered":"","protected":false},"author":3,"featured_media":0,"parent":0,"menu_order":0,"comment_status":"closed","ping_status":"closed","template":"","meta":{"inline_featured_image":false,"footnotes":""},"acf":[],"yoast_head":"<!-- This site is optimized with the Yoast SEO plugin v21.8 - https:\/\/yoast.com\/wordpress\/plugins\/seo\/ -->\n<title>Apartamenty na sprzeda\u017c - apartamenty Ko\u015bcielisko<\/title>\n<meta name=\"description\" content=\"Zainwestuj w swoje miejsce w Tatrach. Odkryj ekskluzywne apartamenty na sprzeda\u017c w Ko\u015bcielisku, zlokalizowane blisko Zakopanego. Idealna okazja dla poszukuj\u0105cych spokoju i pi\u0119knych widok\u00f3w.\" \/>\n<meta name=\"robots\" content=\"noindex, follow, max-snippet:-1, max-image-preview:large, max-video-preview:-1\" \/>\n<meta property=\"og:locale\" content=\"en_GB\" \/>\n<meta property=\"og:type\" content=\"article\" \/>\n<meta property=\"og:title\" content=\"Apartamenty na sprzeda\u017c - apartamenty Ko\u015bcielisko\" \/>\n<meta property=\"og:description\" content=\"Zainwestuj w swoje miejsce w Tatrach. Odkryj ekskluzywne apartamenty na sprzeda\u017c w Ko\u015bcielisku, zlokalizowane blisko Zakopanego. Idealna okazja dla poszukuj\u0105cych spokoju i pi\u0119knych widok\u00f3w.\" \/>\n<meta property=\"og:url\" content=\"https:\/\/siedliskokoscielisko.nfhotel.usermd.net\/en\/apartamenty-sprzedaz\/\" \/>\n<meta property=\"og:site_name\" content=\"Siedlisko Ko\u015bcielisko\" \/>\n<meta property=\"article:modified_time\" content=\"2024-01-11T15:26:24+00:00\" \/>\n<meta name=\"twitter:card\" content=\"summary_large_image\" \/>\n<meta name=\"twitter:label1\" content=\"Estimated reading time\" \/>\n\t<meta name=\"twitter:data1\" content=\"4 minutes\" \/>\n<script type=\"application\/ld+json\" class=\"yoast-schema-graph\">{\"@context\":\"https:\/\/schema.org\",\"@graph\":[{\"@type\":\"WebPage\",\"@id\":\"https:\/\/siedliskokoscielisko.nfhotel.usermd.net\/apartamenty-sprzedaz\/\",\"url\":\"https:\/\/siedliskokoscielisko.nfhotel.usermd.net\/apartamenty-sprzedaz\/\",\"name\":\"Apartamenty na sprzeda\u017c - apartamenty Ko\u015bcielisko\",\"isPartOf\":{\"@id\":\"https:\/\/siedliskokoscielisko.nfhotel.usermd.net\/#website\"},\"datePublished\":\"2023-12-05T09:11:44+00:00\",\"dateModified\":\"2024-01-11T15:26:24+00:00\",\"description\":\"Zainwestuj w swoje miejsce w Tatrach. Odkryj ekskluzywne apartamenty na sprzeda\u017c w Ko\u015bcielisku, zlokalizowane blisko Zakopanego. Idealna okazja dla poszukuj\u0105cych spokoju i pi\u0119knych widok\u00f3w.\",\"breadcrumb\":{\"@id\":\"https:\/\/siedliskokoscielisko.nfhotel.usermd.net\/apartamenty-sprzedaz\/#breadcrumb\"},\"inLanguage\":\"en-GB\",\"potentialAction\":[{\"@type\":\"ReadAction\",\"target\":[\"https:\/\/siedliskokoscielisko.nfhotel.usermd.net\/apartamenty-sprzedaz\/\"]}]},{\"@type\":\"BreadcrumbList\",\"@id\":\"https:\/\/siedliskokoscielisko.nfhotel.usermd.net\/apartamenty-sprzedaz\/#breadcrumb\",\"itemListElement\":[{\"@type\":\"ListItem\",\"position\":1,\"name\":\"Strona g\u0142\u00f3wna\",\"item\":\"https:\/\/siedliskokoscielisko.nfhotel.usermd.net\/\"},{\"@type\":\"ListItem\",\"position\":2,\"name\":\"Apartamenty na sprzeda\u017c\"}]},{\"@type\":\"WebSite\",\"@id\":\"https:\/\/siedliskokoscielisko.nfhotel.usermd.net\/#website\",\"url\":\"https:\/\/siedliskokoscielisko.nfhotel.usermd.net\/\",\"name\":\"Siedlisko Ko\u015bcielisko\",\"description\":\"Siedlisko ko\u015bcielisko\",\"potentialAction\":[{\"@type\":\"SearchAction\",\"target\":{\"@type\":\"EntryPoint\",\"urlTemplate\":\"https:\/\/siedliskokoscielisko.nfhotel.usermd.net\/?s={search_term_string}\"},\"query-input\":\"required name=search_term_string\"}],\"inLanguage\":\"en-GB\"}]}<\/script>\n<!-- \/ Yoast SEO plugin. -->","yoast_head_json":{"title":"Apartamenty na sprzeda\u017c - apartamenty Ko\u015bcielisko","description":"Zainwestuj w swoje miejsce w Tatrach. Odkryj ekskluzywne apartamenty na sprzeda\u017c w Ko\u015bcielisku, zlokalizowane blisko Zakopanego. Idealna okazja dla poszukuj\u0105cych spokoju i pi\u0119knych widok\u00f3w.","robots":{"index":"noindex","follow":"follow","max-snippet":"max-snippet:-1","max-image-preview":"max-image-preview:large","max-video-preview":"max-video-preview:-1"},"og_locale":"en_GB","og_type":"article","og_title":"Apartamenty na sprzeda\u017c - apartamenty Ko\u015bcielisko","og_description":"Zainwestuj w swoje miejsce w Tatrach. Odkryj ekskluzywne apartamenty na sprzeda\u017c w Ko\u015bcielisku, zlokalizowane blisko Zakopanego. Idealna okazja dla poszukuj\u0105cych spokoju i pi\u0119knych widok\u00f3w.","og_url":"https:\/\/siedliskokoscielisko.nfhotel.usermd.net\/en\/apartamenty-sprzedaz\/","og_site_name":"Siedlisko Ko\u015bcielisko","article_modified_time":"2024-01-11T15:26:24+00:00","twitter_card":"summary_large_image","twitter_misc":{"Estimated reading time":"4 minutes"},"schema":{"@context":"https:\/\/schema.org","@graph":[{"@type":"WebPage","@id":"https:\/\/siedliskokoscielisko.nfhotel.usermd.net\/apartamenty-sprzedaz\/","url":"https:\/\/siedliskokoscielisko.nfhotel.usermd.net\/apartamenty-sprzedaz\/","name":"Apartamenty na sprzeda\u017c - apartamenty Ko\u015bcielisko","isPartOf":{"@id":"https:\/\/siedliskokoscielisko.nfhotel.usermd.net\/#website"},"datePublished":"2023-12-05T09:11:44+00:00","dateModified":"2024-01-11T15:26:24+00:00","description":"Zainwestuj w swoje miejsce w Tatrach. Odkryj ekskluzywne apartamenty na sprzeda\u017c w Ko\u015bcielisku, zlokalizowane blisko Zakopanego. Idealna okazja dla poszukuj\u0105cych spokoju i pi\u0119knych widok\u00f3w.","breadcrumb":{"@id":"https:\/\/siedliskokoscielisko.nfhotel.usermd.net\/apartamenty-sprzedaz\/#breadcrumb"},"inLanguage":"en-GB","potentialAction":[{"@type":"ReadAction","target":["https:\/\/siedliskokoscielisko.nfhotel.usermd.net\/apartamenty-sprzedaz\/"]}]},{"@type":"BreadcrumbList","@id":"https:\/\/siedliskokoscielisko.nfhotel.usermd.net\/apartamenty-sprzedaz\/#breadcrumb","itemListElement":[{"@type":"ListItem","position":1,"name":"Strona g\u0142\u00f3wna","item":"https:\/\/siedliskokoscielisko.nfhotel.usermd.net\/"},{"@type":"ListItem","position":2,"name":"Apartamenty na sprzeda\u017c"}]},{"@type":"WebSite","@id":"https:\/\/siedliskokoscielisko.nfhotel.usermd.net\/#website","url":"https:\/\/siedliskokoscielisko.nfhotel.usermd.net\/","name":"Siedlisko Ko\u015bcielisko","description":"Siedlisko ko\u015bcielisko","potentialAction":[{"@type":"SearchAction","target":{"@type":"EntryPoint","urlTemplate":"https:\/\/siedliskokoscielisko.nfhotel.usermd.net\/?s={search_term_string}"},"query-input":"required name=search_term_string"}],"inLanguage":"en-GB"}]}},"_links":{"self":[{"href":"https:\/\/siedliskokoscielisko.nfhotel.usermd.net\/en\/wp-json\/wp\/v2\/pages\/478"}],"collection":[{"href":"https:\/\/siedliskokoscielisko.nfhotel.usermd.net\/en\/wp-json\/wp\/v2\/pages"}],"about":[{"href":"https:\/\/siedliskokoscielisko.nfhotel.usermd.net\/en\/wp-json\/wp\/v2\/types\/page"}],"author":[{"embeddable":true,"href":"https:\/\/siedliskokoscielisko.nfhotel.usermd.net\/en\/wp-json\/wp\/v2\/users\/3"}],"replies":[{"embeddable":true,"href":"https:\/\/siedliskokoscielisko.nfhotel.usermd.net\/en\/wp-json\/wp\/v2\/comments?post=478"}],"version-history":[{"count":14,"href":"https:\/\/siedliskokoscielisko.nfhotel.usermd.net\/en\/wp-json\/wp\/v2\/pages\/478\/revisions"}],"predecessor-version":[{"id":826,"href":"https:\/\/siedliskokoscielisko.nfhotel.usermd.net\/en\/wp-json\/wp\/v2\/pages\/478\/revisions\/826"}],"wp:attachment":[{"href":"https:\/\/siedliskokoscielisko.nfhotel.usermd.net\/en\/wp-json\/wp\/v2\/media?parent=478"}],"curies":[{"name":"wp","href":"https:\/\/api.w.org\/{rel}","templated":true}]}}